{"id":2478,"date":"2023-07-17T11:35:44","date_gmt":"2023-07-17T09:35:44","guid":{"rendered":"http:\/\/www.benergyspa.it\/?page_id=2478"},"modified":"2025-02-20T15:01:13","modified_gmt":"2025-02-20T14:01:13","slug":"mission","status":"publish","type":"page","link":"https:\/\/www.benergyspa.it\/eng\/lazienda\/mission\/","title":{"rendered":"Mission"},"content":{"rendered":"<div class=\"wpb-content-wrapper\"><section class=\"vc_row wpb_row vc_row-fluid vc-zozo-section typo-default\"><div class=\"zozo-vc-main-row-inner vc-normal-section\"><div class=\"container\"><div class=\"row\"><div class=\"wpb_column vc_main_column vc_column_container vc_col-sm-12 vc_col-lg-6 vc_col-md-6 typo-default\"><div class=\"vc_column-inner\"><div class=\"wpb_wrapper\"><div class=\"zozo-parallax-header margin-bottom-0\"><div class=\"parallax-header content-style-default\"><h2 class=\"parallax-title text-left\">B.Energy S.p.A.<\/h2><div class=\"parallax-desc default-style text-left\"><p>The protection of the environment and the sustainability of the activities we perform do not represent a mere obligation for us, but rather we believe they are a real competitive advantage. This is why we look to the future by continuously renewing our activities, improving services and introducing the most innovative solutions that technological progress can make available to us. So, we can provide for our costumers and partners with the chance to share our vision.<\/p>\n<p>Our constant effort is also aimed at maintaining the highest standards of services and company processes. Our management systems are designed to monitor, analyze and evaluate the results we achieve, to prevent inefficiency and errors.<\/p>\n<p>The entire work team is involved because only with everyone\u2019s contribution is it possible to reach the objectives we have set ourselves, and together we are able to face any challenge, even the most demanding one. This attitude increases constantly the effectiveness of our interventions and allows us, in a very competitive marketplace in which customer satisfaction level is the main difference, to consider ourselves different from others.<\/p>\n<\/div><\/div><\/div><div class=\"vc_row wpb_row vc_inner vc_row-fluid\"><div class=\"zozo-vc-row-inner vc-inner-row-section clearfix\"><div class=\"wpb_column vc_column_inner vc_column_container vc_col-sm-7 typo-default\"><div class=\"vc_column-inner\"><div class=\"wpb_wrapper\">\n\t<div class=\"wpb_text_column wpb_content_element\" >\n\t\t<div class=\"wpb_wrapper\">\n\t\t\t<nav id=\"bellows-main-51\" class=\"bellows bellows-nojs bellows-main bellows-source-menu bellows-align-full bellows-skin-vanilla bellows-type-\"><ul id=\"menu-mission-menu\" class=\"bellows-nav\" data-bellows-config=\"main\"><li id=\"menu-item-2610\" class=\"bellows-menu-item bellows-menu-item-type-custom bellows-menu-item-object-custom bellows-menu-item-has-children bellows-menu-item-2610 bellows-item-level-0\"><a  href=\"#\" class=\"bellows-target\"><span class=\"bellows-target-title bellows-target-text\"><span style=\"color:#263F86; font-size: 16px\">\u00bb Environmental Sustainability<\/span><\/span><button class=\"bellows-subtoggle\" aria-label=\"Toggle Submenu\"><i class=\"bellows-subtoggle-icon-expand fa fa-chevron-down\"><\/i><i class=\"bellows-subtoggle-icon-collapse fa fa-chevron-up\"><\/i><\/button><\/a>\n<ul class=\"bellows-submenu\">\n\t<li id=\"menu-item-2826\" class=\"bellows-menu-item bellows-menu-item-type-custom bellows-menu-item-object-custom bellows-menu-item-2826 bellows-item-level-1\"><a  target=\"_blank\" href=\"https:\/\/www.benergyspa.it\/wp-content\/uploads\/2026\/02\/Greenenergy-Bilancio-di-Sostenibilita-2024.pdf\" class=\"bellows-target\"><span class=\"bellows-target-title bellows-target-text\"><span style=\"color:#263F86; font-size: 16px\">\u00bb Bilancio di Sostenibilit\u00e0 &#8211; 2024<\/span><\/span><\/a><\/li>\n\t<li id=\"menu-item-2813\" class=\"bellows-menu-item bellows-menu-item-type-custom bellows-menu-item-object-custom bellows-menu-item-2813 bellows-item-level-1\"><a  target=\"_blank\" href=\"https:\/\/www.benergyspa.it\/wp-content\/uploads\/2025\/02\/Greenenergy-Bilancio-di-Sostenibilita-2023.pdf\" class=\"bellows-target\"><span class=\"bellows-target-title bellows-target-text\"><span style=\"color:#263F86; font-size: 16px\">\u00bb Bilancio di Sostenibilit\u00e0 &#8211; 2023<\/span><\/span><\/a><\/li>\n\t<li id=\"menu-item-2612\" class=\"bellows-menu-item bellows-menu-item-type-custom bellows-menu-item-object-custom bellows-menu-item-2612 bellows-item-level-1\"><a  target=\"_blank\" href=\"https:\/\/www.benergyspa.it\/wp-content\/uploads\/2023\/12\/Greenenergy-Bilancio-di-Sostenibilita-2022.pdf\" class=\"bellows-target\"><span class=\"bellows-target-title bellows-target-text\"><span style=\"color:#263F86; font-size: 16px\">\u00bb Sustainability Budget - 2022<\/span><\/span><\/a><\/li>\n\t<li id=\"menu-item-2611\" class=\"bellows-menu-item bellows-menu-item-type-custom bellows-menu-item-object-custom bellows-menu-item-2611 bellows-item-level-1\"><a  target=\"_blank\" href=\"https:\/\/www.benergyspa.it\/wp-content\/uploads\/2023\/11\/Greenenergy-Report-di-Sostenibilita-2021.pdf\" class=\"bellows-target\"><span class=\"bellows-target-title bellows-target-text\"><span style=\"color:#263F86; font-size: 16px\">\u00bb Sustainability Reports - 2021<\/span><\/span><\/a><\/li>\n<\/ul>\n<\/li>\n<li id=\"menu-item-2827\" class=\"bellows-menu-item bellows-menu-item-type-custom bellows-menu-item-object-custom bellows-menu-item-has-children bellows-menu-item-2827 bellows-item-level-0\"><a  href=\"#\" class=\"bellows-target\"><span class=\"bellows-target-title bellows-target-text\"><span style=\"color:#263F86; font-size: 16px\">\u00bb Essenziale di Sostenibilit\u00e0<\/span><\/span><button class=\"bellows-subtoggle\" aria-label=\"Toggle Submenu\"><i class=\"bellows-subtoggle-icon-expand fa fa-chevron-down\"><\/i><i class=\"bellows-subtoggle-icon-collapse fa fa-chevron-up\"><\/i><\/button><\/a>\n<ul class=\"bellows-submenu\">\n\t<li id=\"menu-item-2828\" class=\"bellows-menu-item bellows-menu-item-type-custom bellows-menu-item-object-custom bellows-menu-item-2828 bellows-item-level-1\"><a  target=\"_blank\" href=\"https:\/\/www.benergyspa.it\/wp-content\/uploads\/2026\/02\/Greenenergy-Essenziale-2024-web.pdf\" class=\"bellows-target\"><span class=\"bellows-target-title bellows-target-text\"><span style=\"color:#263F86; font-size: 16px\">\u00bb Essenziale di Sostenibilit\u00e0 &#8211; 2024<\/span><\/span><\/a><\/li>\n<\/ul>\n<\/li>\n<li id=\"menu-item-2638\" class=\"bellows-menu-item bellows-menu-item-type-custom bellows-menu-item-object-custom bellows-menu-item-2638 bellows-item-level-0\"><a  target=\"_blank\" href=\"https:\/\/www.benergyspa.it\/wp-content\/uploads\/2023\/11\/Benergy-Dichiarazione-Ambientale-2022.pdf\" class=\"bellows-target\"><span class=\"bellows-target-title bellows-target-text\"><span style=\"color:#263F86; font-size: 16px\">\u00bb Environmental Statement<\/span><\/span><\/a><\/li>\n<li id=\"menu-item-2613\" class=\"bellows-menu-item bellows-menu-item-type-custom bellows-menu-item-object-custom bellows-menu-item-2613 bellows-item-level-0\"><a  target=\"_blank\" href=\"https:\/\/www.benergyspa.it\/wp-content\/uploads\/2024\/06\/All.-2-Politica-Aziendale-rev.6-b.energy.pdf\" class=\"bellows-target\"><span class=\"bellows-target-title bellows-target-text\"><span style=\"color:#263F86; font-size: 16px\">\u00bb Company Policy<\/span><\/span><\/a><\/li>\n<li id=\"menu-item-2616\" class=\"bellows-menu-item bellows-menu-item-type-custom bellows-menu-item-object-custom bellows-menu-item-2616 bellows-item-level-0\"><a  target=\"_blank\" href=\"https:\/\/www.benergyspa.it\/wp-content\/uploads\/2023\/11\/Benergy-Carta-Pari-Opportunita.pdf\" class=\"bellows-target\"><span class=\"bellows-target-title bellows-target-text\"><span style=\"color:#263F86; font-size: 16px\">\u00bb Charter for Equal Opportunities<\/span><\/span><\/a><\/li>\n<li id=\"menu-item-2653\" class=\"bellows-menu-item bellows-menu-item-type-custom bellows-menu-item-object-custom bellows-menu-item-2653 bellows-item-level-0\"><a  target=\"_blank\" href=\"https:\/\/www.benergyspa.it\/wp-content\/uploads\/2023\/11\/Benergy-CODICE-ETICO-V1.0-2017.pdf\" class=\"bellows-target\"><span class=\"bellows-target-title bellows-target-text\"><span style=\"color:#263F86; font-size: 16px\">\u00bb Ethical Code<\/span><\/span><\/a><\/li>\n<\/ul><\/nav>\n\n\t\t<\/div>\n\t<\/div>\n<\/div><\/div><\/div><div class=\"wpb_column vc_column_inner vc_column_container vc_col-sm-5 typo-default\"><div class=\"vc_column-inner\"><div class=\"wpb_wrapper\"><\/div><\/div><\/div><\/div><\/div><div class=\"vc_empty_space\"   style=\"height: 30px\"><span class=\"vc_empty_space_inner\"><\/span><\/div><\/div><\/div><\/div><div class=\"wpb_column vc_main_column vc_column_container vc_col-sm-12 vc_col-lg-6 vc_col-md-6 typo-default\"><div class=\"vc_column-inner\"><div class=\"wpb_wrapper\">\n\t<div  class=\"wpb_single_image wpb_content_element vc_align_center wpb_content_element\">\n\t\t\n\t\t<figure class=\"wpb_wrapper vc_figure\">\n\t\t\t<div class=\"vc_single_image-wrapper   vc_box_border_grey\"><img decoding=\"async\" width=\"600\" height=\"600\" src=\"https:\/\/www.benergyspa.it\/wp-content\/uploads\/2023\/11\/mission.jpg\" class=\"vc_single_image-img attachment-full\" alt=\"\" title=\"mission\" srcset=\"https:\/\/www.benergyspa.it\/wp-content\/uploads\/2023\/11\/mission.jpg 600w, https:\/\/www.benergyspa.it\/wp-content\/uploads\/2023\/11\/mission-300x300.jpg 300w, https:\/\/www.benergyspa.it\/wp-content\/uploads\/2023\/11\/mission-150x150.jpg 150w, https:\/\/www.benergyspa.it\/wp-content\/uploads\/2023\/11\/mission-12x12.jpg 12w, https:\/\/www.benergyspa.it\/wp-content\/uploads\/2023\/11\/mission-85x85.jpg 85w, https:\/\/www.benergyspa.it\/wp-content\/uploads\/2023\/11\/mission-500x500.jpg 500w, https:\/\/www.benergyspa.it\/wp-content\/uploads\/2023\/11\/mission-400x400.jpg 400w\" sizes=\"(max-width: 600px) 100vw, 600px\" \/><\/div>\n\t\t<\/figure>\n\t<\/div>\n<\/div><\/div><\/div><\/div><\/div><\/div><\/section>\t\r\n\r\n\r\n\t<section class=\"vc_row wpb_row vc_row-fluid vc_custom_1699456185858 vc_row-has-fill vc-zozo-section typo-default\"><div class=\"zozo-vc-main-row-inner vc-normal-section\"><div class=\"container\"><div class=\"row\"><div class=\"wpb_column vc_main_column vc_column_container vc_col-sm-12 typo-default\"><div class=\"vc_column-inner\"><div class=\"wpb_wrapper\"><div class=\"zozo-parallax-header\"><div class=\"parallax-header content-style-default\"><h2 class=\"parallax-title\">Our Numbers<\/h2><\/div><\/div><div class=\"vc_row wpb_row vc_inner vc_row-fluid\"><div class=\"zozo-vc-row-inner vc-inner-row-section clearfix\"><div class=\"wpb_column vc_column_inner vc_column_container vc_col-sm-6 vc_col-lg-3 vc_col-md-3 typo-default\"><div class=\"vc_column-inner\"><div class=\"wpb_wrapper\">\n\t<div  class=\"wpb_single_image wpb_content_element vc_align_center wpb_content_element vc_custom_1699454831793\">\n\t\t\n\t\t<figure class=\"wpb_wrapper vc_figure\">\n\t\t\t<a href=\"https:\/\/www.semalab.it\/ambiente\/\" target=\"_blank\" class=\"vc_single_image-wrapper   vc_box_border_grey\"><img decoding=\"async\" width=\"100\" height=\"100\" src=\"https:\/\/www.benergyspa.it\/wp-content\/uploads\/2023\/11\/icona-riciclo.png\" class=\"vc_single_image-img attachment-full\" alt=\"\" title=\"icona-riciclo\" srcset=\"https:\/\/www.benergyspa.it\/wp-content\/uploads\/2023\/11\/icona-riciclo.png 100w, https:\/\/www.benergyspa.it\/wp-content\/uploads\/2023\/11\/icona-riciclo-12x12.png 12w, https:\/\/www.benergyspa.it\/wp-content\/uploads\/2023\/11\/icona-riciclo-85x85.png 85w\" sizes=\"(max-width: 100px) 100vw, 100px\" \/><\/a>\n\t\t<\/figure>\n\t<\/div>\n<div id=\"zozo-counter-1\" class=\"zozo-counter-wrapper counter-default counter-icon-left\"><div class=\"counter-item zozo-counter\"><div class=\"counter-info\"><div class=\"zozo-count-number\" data-count=\"76570\"><h3 class=\"counter zozo-counter-count\">0<\/h3><\/div><div class=\"counter-title\"><\/div><\/div><\/div><\/div>\n\t<div class=\"wpb_text_column wpb_content_element\" >\n\t\t<div class=\"wpb_wrapper\">\n\t\t\t<h4 style=\"text-align: center;\">Tons<\/h4>\n\n\t\t<\/div>\n\t<\/div>\n\n\t<div class=\"wpb_text_column wpb_content_element\" >\n\t\t<div class=\"wpb_wrapper\">\n\t\t\t<p style=\"text-align: center;\">Anno 2024<\/p>\n<h5 style=\"text-align: center;\">Quantity of managed waste<\/h5>\n\n\t\t<\/div>\n\t<\/div>\n<\/div><\/div><\/div><div class=\"wpb_column vc_column_inner vc_column_container vc_col-sm-6 vc_col-lg-3 vc_col-md-3 typo-default\"><div class=\"vc_column-inner\"><div class=\"wpb_wrapper\">\n\t<div  class=\"wpb_single_image wpb_content_element vc_align_center wpb_content_element vc_custom_1699455046177\">\n\t\t\n\t\t<figure class=\"wpb_wrapper vc_figure\">\n\t\t\t<a href=\"https:\/\/www.semalab.it\/ambiente\/\" target=\"_blank\" class=\"vc_single_image-wrapper   vc_box_border_grey\"><img decoding=\"async\" width=\"100\" height=\"100\" src=\"https:\/\/www.benergyspa.it\/wp-content\/uploads\/2023\/11\/icona-pannelli-solari.png\" class=\"vc_single_image-img attachment-full\" alt=\"\" title=\"icona-pannelli-solari\" srcset=\"https:\/\/www.benergyspa.it\/wp-content\/uploads\/2023\/11\/icona-pannelli-solari.png 100w, https:\/\/www.benergyspa.it\/wp-content\/uploads\/2023\/11\/icona-pannelli-solari-12x12.png 12w, https:\/\/www.benergyspa.it\/wp-content\/uploads\/2023\/11\/icona-pannelli-solari-85x85.png 85w\" sizes=\"(max-width: 100px) 100vw, 100px\" \/><\/a>\n\t\t<\/figure>\n\t<\/div>\n<div id=\"zozo-counter-2\" class=\"zozo-counter-wrapper counter-default counter-icon-left\"><div class=\"counter-item zozo-counter\"><div class=\"counter-info\"><div class=\"zozo-count-number\" data-count=\"608460\"><h3 class=\"counter zozo-counter-count\">0<\/h3><\/div><div class=\"counter-title\"><\/div><\/div><\/div><\/div>\n\t<div class=\"wpb_text_column wpb_content_element\" >\n\t\t<div class=\"wpb_wrapper\">\n\t\t\t<h4 style=\"text-align: center;\">kWh<\/h4>\n\n\t\t<\/div>\n\t<\/div>\n\n\t<div class=\"wpb_text_column wpb_content_element\" >\n\t\t<div class=\"wpb_wrapper\">\n\t\t\t<p style=\"text-align: center;\">Anno 2024<\/p>\n<h5 style=\"text-align: center;\">kW generated from renewable sources<\/h5>\n\n\t\t<\/div>\n\t<\/div>\n<\/div><\/div><\/div><div class=\"wpb_column vc_column_inner vc_column_container vc_col-sm-6 vc_col-lg-3 vc_col-md-3 typo-default\"><div class=\"vc_column-inner\"><div class=\"wpb_wrapper\">\n\t<div  class=\"wpb_single_image wpb_content_element vc_align_center wpb_content_element vc_custom_1699457926815\">\n\t\t\n\t\t<figure class=\"wpb_wrapper vc_figure\">\n\t\t\t<a href=\"https:\/\/www.semalab.it\/ambiente\/\" target=\"_blank\" class=\"vc_single_image-wrapper   vc_box_border_grey\"><img decoding=\"async\" width=\"100\" height=\"100\" src=\"https:\/\/www.benergyspa.it\/wp-content\/uploads\/2023\/11\/icona-acque-reflue.png\" class=\"vc_single_image-img attachment-full\" alt=\"\" title=\"icona-acque-reflue\" srcset=\"https:\/\/www.benergyspa.it\/wp-content\/uploads\/2023\/11\/icona-acque-reflue.png 100w, https:\/\/www.benergyspa.it\/wp-content\/uploads\/2023\/11\/icona-acque-reflue-12x12.png 12w, https:\/\/www.benergyspa.it\/wp-content\/uploads\/2023\/11\/icona-acque-reflue-85x85.png 85w\" sizes=\"(max-width: 100px) 100vw, 100px\" \/><\/a>\n\t\t<\/figure>\n\t<\/div>\n<div id=\"zozo-counter-3\" class=\"zozo-counter-wrapper counter-default counter-icon-left\"><div class=\"counter-item zozo-counter\"><div class=\"counter-info\"><div class=\"zozo-count-number\" data-count=\"75144\"><h3 class=\"counter zozo-counter-count\">0<\/h3><\/div><div class=\"counter-title\"><\/div><\/div><\/div><\/div>\n\t<div class=\"wpb_text_column wpb_content_element\" >\n\t\t<div class=\"wpb_wrapper\">\n\t\t\t<h4 style=\"text-align: center;\">Tons<\/h4>\n\n\t\t<\/div>\n\t<\/div>\n\n\t<div class=\"wpb_text_column wpb_content_element\" >\n\t\t<div class=\"wpb_wrapper\">\n\t\t\t<p style=\"text-align: center;\">Anno 2024<\/p>\n<h5 style=\"text-align: center;\">Quantity of wastewater purified<\/h5>\n\n\t\t<\/div>\n\t<\/div>\n<\/div><\/div><\/div><div class=\"wpb_column vc_column_inner vc_column_container vc_col-sm-6 vc_col-lg-3 vc_col-md-3 typo-default\"><div class=\"vc_column-inner\"><div class=\"wpb_wrapper\">\n\t<div  class=\"wpb_single_image wpb_content_element vc_align_center wpb_content_element vc_custom_1699455149572\">\n\t\t\n\t\t<figure class=\"wpb_wrapper vc_figure\">\n\t\t\t<a href=\"https:\/\/www.semalab.it\/ambiente\/\" target=\"_blank\" class=\"vc_single_image-wrapper   vc_box_border_grey\"><img decoding=\"async\" width=\"100\" height=\"100\" src=\"https:\/\/www.benergyspa.it\/wp-content\/uploads\/2023\/11\/icona-dipendenti.png\" class=\"vc_single_image-img attachment-full\" alt=\"\" title=\"icona-dipendenti\" srcset=\"https:\/\/www.benergyspa.it\/wp-content\/uploads\/2023\/11\/icona-dipendenti.png 100w, https:\/\/www.benergyspa.it\/wp-content\/uploads\/2023\/11\/icona-dipendenti-12x12.png 12w, https:\/\/www.benergyspa.it\/wp-content\/uploads\/2023\/11\/icona-dipendenti-85x85.png 85w\" sizes=\"(max-width: 100px) 100vw, 100px\" \/><\/a>\n\t\t<\/figure>\n\t<\/div>\n<div id=\"zozo-counter-4\" class=\"zozo-counter-wrapper counter-default counter-icon-left\"><div class=\"counter-item zozo-counter\"><div class=\"counter-info\"><div class=\"zozo-count-number\" data-count=\"142\"><h3 class=\"counter zozo-counter-count\">0<\/h3><\/div><div class=\"counter-title\"><\/div><\/div><\/div><\/div>\n\t<div class=\"wpb_text_column wpb_content_element\" >\n\t\t<div class=\"wpb_wrapper\">\n\t\t\t<h4 style=\"text-align: center;\">Employees<\/h4>\n\n\t\t<\/div>\n\t<\/div>\n\n\t<div class=\"wpb_text_column wpb_content_element\" >\n\t\t<div class=\"wpb_wrapper\">\n\t\t\t<p style=\"text-align: center;\">Media Anno 2024<\/p>\n<h5 style=\"text-align: center;\">No. of employees<\/h5>\n\n\t\t<\/div>\n\t<\/div>\n<\/div><\/div><\/div><\/div><\/div><\/div><\/div><\/div><\/div><\/div><\/div><\/section>\n<\/div>","protected":false},"excerpt":{"rendered":"B.Energy S.p.A.La tutela dell\u2019ambiente e la sostenibilit\u00e0 delle attivit\u00e0 che svolgiamo non rappresentano per noi, delle necessit\u00e0 o dei meri obblighi, ma riteniamo piuttosto siano un vero e proprio vantaggio competitivo. Per questo guardiamo al futuro rinnovando continuamente le nostre attivit\u00e0, migliorando i servizi ed introducendo tutte le soluzioni pi\u00f9 innovative che il progresso tecnologico mette a nostra disposizione, per...","protected":false},"author":1,"featured_media":0,"parent":2152,"menu_order":0,"comment_status":"closed","ping_status":"closed","template":"template-fullwidth.php","meta":{"_exactmetrics_skip_tracking":false,"_exactmetrics_sitenote_active":false,"_exactmetrics_sitenote_note":"","_exactmetrics_sitenote_category":0,"footnotes":""},"class_list":["post-2478","page","type-page","status-publish","hentry"],"yoast_head":"<!-- This site is optimized with the Yoast SEO plugin v27.3 - https:\/\/yoast.com\/product\/yoast-seo-wordpress\/ -->\n<title>Mission - B.Energy S.p.A.<\/title>\n<meta name=\"description\" content=\"La tutela dell\u2019ambiente e la sostenibilit\u00e0 delle attivit\u00e0 che svolgiamo non rappresentano per noi, delle necessit\u00e0 o dei meri obblighi, ma riteniamo piuttosto siano un vero e proprio vantaggio competitivo.\" \/>\n<meta name=\"robots\" content=\"index, follow, max-snippet:-1, max-image-preview:large, max-video-preview:-1\" \/>\n<link rel=\"canonical\" href=\"https:\/\/www.benergyspa.it\/eng\/lazienda\/mission\/\" \/>\n<meta property=\"og:locale\" content=\"en_GB\" \/>\n<meta property=\"og:type\" content=\"article\" \/>\n<meta property=\"og:title\" content=\"Mission - B.Energy S.p.A.\" \/>\n<meta property=\"og:description\" content=\"La tutela dell\u2019ambiente e la sostenibilit\u00e0 delle attivit\u00e0 che svolgiamo non rappresentano per noi, delle necessit\u00e0 o dei meri obblighi, ma riteniamo piuttosto siano un vero e proprio vantaggio competitivo.\" \/>\n<meta property=\"og:url\" content=\"https:\/\/www.benergyspa.it\/eng\/lazienda\/mission\/\" \/>\n<meta property=\"og:site_name\" content=\"B.Energy S.p.A.\" \/>\n<meta property=\"article:modified_time\" content=\"2025-02-20T14:01:13+00:00\" \/>\n<meta name=\"twitter:card\" content=\"summary_large_image\" \/>\n<meta name=\"twitter:label1\" content=\"Estimated reading time\" \/>\n\t<meta name=\"twitter:data1\" content=\"5 minutes\" \/>\n<script type=\"application\/ld+json\" class=\"yoast-schema-graph\">{\"@context\":\"https:\\\/\\\/schema.org\",\"@graph\":[{\"@type\":\"WebPage\",\"@id\":\"https:\\\/\\\/www.benergyspa.it\\\/lazienda\\\/mission\\\/\",\"url\":\"https:\\\/\\\/www.benergyspa.it\\\/lazienda\\\/mission\\\/\",\"name\":\"Mission - B.Energy S.p.A.\",\"isPartOf\":{\"@id\":\"https:\\\/\\\/www.benergyspa.it\\\/#website\"},\"datePublished\":\"2023-07-17T09:35:44+00:00\",\"dateModified\":\"2025-02-20T14:01:13+00:00\",\"description\":\"La tutela dell\u2019ambiente e la sostenibilit\u00e0 delle attivit\u00e0 che svolgiamo non rappresentano per noi, delle necessit\u00e0 o dei meri obblighi, ma riteniamo piuttosto siano un vero e proprio vantaggio competitivo.\",\"breadcrumb\":{\"@id\":\"https:\\\/\\\/www.benergyspa.it\\\/lazienda\\\/mission\\\/#breadcrumb\"},\"inLanguage\":\"en-GB\",\"potentialAction\":[{\"@type\":\"ReadAction\",\"target\":[\"https:\\\/\\\/www.benergyspa.it\\\/lazienda\\\/mission\\\/\"]}]},{\"@type\":\"BreadcrumbList\",\"@id\":\"https:\\\/\\\/www.benergyspa.it\\\/lazienda\\\/mission\\\/#breadcrumb\",\"itemListElement\":[{\"@type\":\"ListItem\",\"position\":1,\"name\":\"Home\",\"item\":\"https:\\\/\\\/www.benergyspa.it\\\/\"},{\"@type\":\"ListItem\",\"position\":2,\"name\":\"L&#8217;Azienda\",\"item\":\"https:\\\/\\\/www.benergyspa.it\\\/lazienda\\\/\"},{\"@type\":\"ListItem\",\"position\":3,\"name\":\"Mission\"}]},{\"@type\":\"WebSite\",\"@id\":\"https:\\\/\\\/www.benergyspa.it\\\/#website\",\"url\":\"https:\\\/\\\/www.benergyspa.it\\\/\",\"name\":\"B.Energy S.p.A.\",\"description\":\"Ecology Solutions\",\"publisher\":{\"@id\":\"https:\\\/\\\/www.benergyspa.it\\\/#organization\"},\"potentialAction\":[{\"@type\":\"SearchAction\",\"target\":{\"@type\":\"EntryPoint\",\"urlTemplate\":\"https:\\\/\\\/www.benergyspa.it\\\/?s={search_term_string}\"},\"query-input\":{\"@type\":\"PropertyValueSpecification\",\"valueRequired\":true,\"valueName\":\"search_term_string\"}}],\"inLanguage\":\"en-GB\"},{\"@type\":\"Organization\",\"@id\":\"https:\\\/\\\/www.benergyspa.it\\\/#organization\",\"name\":\"B.Energy S.p.A.\",\"url\":\"https:\\\/\\\/www.benergyspa.it\\\/\",\"logo\":{\"@type\":\"ImageObject\",\"inLanguage\":\"en-GB\",\"@id\":\"https:\\\/\\\/www.benergyspa.it\\\/#\\\/schema\\\/logo\\\/image\\\/\",\"url\":\"https:\\\/\\\/www.benergyspa.it\\\/wp-content\\\/uploads\\\/2023\\\/03\\\/logo-benergy.png\",\"contentUrl\":\"https:\\\/\\\/www.benergyspa.it\\\/wp-content\\\/uploads\\\/2023\\\/03\\\/logo-benergy.png\",\"width\":600,\"height\":230,\"caption\":\"B.Energy S.p.A.\"},\"image\":{\"@id\":\"https:\\\/\\\/www.benergyspa.it\\\/#\\\/schema\\\/logo\\\/image\\\/\"}}]}<\/script>\n<!-- \/ Yoast SEO plugin. -->","yoast_head_json":{"title":"Mission - B.Energy S.p.A.","description":"La tutela dell\u2019ambiente e la sostenibilit\u00e0 delle attivit\u00e0 che svolgiamo non rappresentano per noi, delle necessit\u00e0 o dei meri obblighi, ma riteniamo piuttosto siano un vero e proprio vantaggio competitivo.","robots":{"index":"index","follow":"follow","max-snippet":"max-snippet:-1","max-image-preview":"max-image-preview:large","max-video-preview":"max-video-preview:-1"},"canonical":"https:\/\/www.benergyspa.it\/eng\/lazienda\/mission\/","og_locale":"en_GB","og_type":"article","og_title":"Mission - B.Energy S.p.A.","og_description":"La tutela dell\u2019ambiente e la sostenibilit\u00e0 delle attivit\u00e0 che svolgiamo non rappresentano per noi, delle necessit\u00e0 o dei meri obblighi, ma riteniamo piuttosto siano un vero e proprio vantaggio competitivo.","og_url":"https:\/\/www.benergyspa.it\/eng\/lazienda\/mission\/","og_site_name":"B.Energy S.p.A.","article_modified_time":"2025-02-20T14:01:13+00:00","twitter_card":"summary_large_image","twitter_misc":{"Estimated reading time":"5 minutes"},"schema":{"@context":"https:\/\/schema.org","@graph":[{"@type":"WebPage","@id":"https:\/\/www.benergyspa.it\/lazienda\/mission\/","url":"https:\/\/www.benergyspa.it\/lazienda\/mission\/","name":"Mission - B.Energy S.p.A.","isPartOf":{"@id":"https:\/\/www.benergyspa.it\/#website"},"datePublished":"2023-07-17T09:35:44+00:00","dateModified":"2025-02-20T14:01:13+00:00","description":"La tutela dell\u2019ambiente e la sostenibilit\u00e0 delle attivit\u00e0 che svolgiamo non rappresentano per noi, delle necessit\u00e0 o dei meri obblighi, ma riteniamo piuttosto siano un vero e proprio vantaggio competitivo.","breadcrumb":{"@id":"https:\/\/www.benergyspa.it\/lazienda\/mission\/#breadcrumb"},"inLanguage":"en-GB","potentialAction":[{"@type":"ReadAction","target":["https:\/\/www.benergyspa.it\/lazienda\/mission\/"]}]},{"@type":"BreadcrumbList","@id":"https:\/\/www.benergyspa.it\/lazienda\/mission\/#breadcrumb","itemListElement":[{"@type":"ListItem","position":1,"name":"Home","item":"https:\/\/www.benergyspa.it\/"},{"@type":"ListItem","position":2,"name":"L&#8217;Azienda","item":"https:\/\/www.benergyspa.it\/lazienda\/"},{"@type":"ListItem","position":3,"name":"Mission"}]},{"@type":"WebSite","@id":"https:\/\/www.benergyspa.it\/#website","url":"https:\/\/www.benergyspa.it\/","name":"B.Energy S.p.A.","description":"Ecology Solutions","publisher":{"@id":"https:\/\/www.benergyspa.it\/#organization"},"potentialAction":[{"@type":"SearchAction","target":{"@type":"EntryPoint","urlTemplate":"https:\/\/www.benergyspa.it\/?s={search_term_string}"},"query-input":{"@type":"PropertyValueSpecification","valueRequired":true,"valueName":"search_term_string"}}],"inLanguage":"en-GB"},{"@type":"Organization","@id":"https:\/\/www.benergyspa.it\/#organization","name":"B.Energy S.p.A.","url":"https:\/\/www.benergyspa.it\/","logo":{"@type":"ImageObject","inLanguage":"en-GB","@id":"https:\/\/www.benergyspa.it\/#\/schema\/logo\/image\/","url":"https:\/\/www.benergyspa.it\/wp-content\/uploads\/2023\/03\/logo-benergy.png","contentUrl":"https:\/\/www.benergyspa.it\/wp-content\/uploads\/2023\/03\/logo-benergy.png","width":600,"height":230,"caption":"B.Energy S.p.A."},"image":{"@id":"https:\/\/www.benergyspa.it\/#\/schema\/logo\/image\/"}}]}},"_links":{"self":[{"href":"https:\/\/www.benergyspa.it\/eng\/wp-json\/wp\/v2\/pages\/2478","targetHints":{"allow":["GET"]}}],"collection":[{"href":"https:\/\/www.benergyspa.it\/eng\/wp-json\/wp\/v2\/pages"}],"about":[{"href":"https:\/\/www.benergyspa.it\/eng\/wp-json\/wp\/v2\/types\/page"}],"author":[{"embeddable":true,"href":"https:\/\/www.benergyspa.it\/eng\/wp-json\/wp\/v2\/users\/1"}],"replies":[{"embeddable":true,"href":"https:\/\/www.benergyspa.it\/eng\/wp-json\/wp\/v2\/comments?post=2478"}],"version-history":[{"count":7,"href":"https:\/\/www.benergyspa.it\/eng\/wp-json\/wp\/v2\/pages\/2478\/revisions"}],"predecessor-version":[{"id":2810,"href":"https:\/\/www.benergyspa.it\/eng\/wp-json\/wp\/v2\/pages\/2478\/revisions\/2810"}],"up":[{"embeddable":true,"href":"https:\/\/www.benergyspa.it\/eng\/wp-json\/wp\/v2\/pages\/2152"}],"wp:attachment":[{"href":"https:\/\/www.benergyspa.it\/eng\/wp-json\/wp\/v2\/media?parent=2478"}],"curies":[{"name":"wp","href":"https:\/\/api.w.org\/{rel}","templated":true}]}}